{"id":1078,"date":"2025-12-07T21:39:17","date_gmt":"2025-12-07T20:39:17","guid":{"rendered":"http:\/\/localhost:8080\/?page_id=1078"},"modified":"2025-12-07T21:39:17","modified_gmt":"2025-12-07T20:39:17","slug":"1078-2","status":"publish","type":"page","link":"https:\/\/immoliegeois.be\/index.php\/1078-2\/","title":{"rendered":""},"content":{"rendered":"<h1 class=\"wp-block-heading\" style=\"text-align: center;\">Bient\u00f4t disponible<\/h1>\n<h3 style=\"text-align: center;\">Nous d\u00e9veloppons actuellement cette fonctionnalit\u00e9. Elle sera disponible tr\u00e8s prochainement !<\/h3>\n","protected":false},"excerpt":{"rendered":"<p>Bient\u00f4t disponible Nous d\u00e9veloppons actuellement cette fonctionnalit\u00e9. Elle sera disponible tr\u00e8s prochainement !<\/p>\n","protected":false},"author":2,"featured_media":0,"parent":0,"menu_order":0,"comment_status":"closed","ping_status":"closed","template":"","meta":{"_acf_changed":false,"footnotes":""},"class_list":["post-1078","page","type-page","status-publish","hentry"],"acf":[],"mb":[],"mfb_rest_fields":["title"],"_links":{"self":[{"href":"https:\/\/immoliegeois.be\/index.php\/wp-json\/wp\/v2\/pages\/1078","targetHints":{"allow":["GET"]}}],"collection":[{"href":"https:\/\/immoliegeois.be\/index.php\/wp-json\/wp\/v2\/pages"}],"about":[{"href":"https:\/\/immoliegeois.be\/index.php\/wp-json\/wp\/v2\/types\/page"}],"author":[{"embeddable":true,"href":"https:\/\/immoliegeois.be\/index.php\/wp-json\/wp\/v2\/users\/2"}],"replies":[{"embeddable":true,"href":"https:\/\/immoliegeois.be\/index.php\/wp-json\/wp\/v2\/comments?post=1078"}],"version-history":[{"count":0,"href":"https:\/\/immoliegeois.be\/index.php\/wp-json\/wp\/v2\/pages\/1078\/revisions"}],"wp:attachment":[{"href":"https:\/\/immoliegeois.be\/index.php\/wp-json\/wp\/v2\/media?parent=1078"}],"curies":[{"name":"wp","href":"https:\/\/api.w.org\/{rel}","templated":true}]}}